{"id":124,"date":"2017-12-15T13:11:32","date_gmt":"2017-12-15T13:11:32","guid":{"rendered":"http:\/\/fconscienciaetrabalh.hospedagemdesites.ws\/wordpress\/?page_id=124"},"modified":"2017-12-15T13:11:32","modified_gmt":"2017-12-15T13:11:32","slug":"cursos","status":"publish","type":"page","link":"http:\/\/fconscienciaetrabalh.hospedagemdesites.ws\/wordpress\/cursos\/","title":{"rendered":"Cursos"},"content":{"rendered":"<p>Tendo por mantenedoras diversas institui\u00e7\u00f5es filantr\u00f3picas, que se somam a contribui\u00e7\u00f5es de empresas e de in\u00fameros volunt\u00e1rios, a Funda\u00e7\u00e3o Consci\u00eancia e Trabalho, atrav\u00e9s de sua Escola de Cidadania, cumpre h\u00e1 20 anos seu objetivo primordial de promover cursos profissionalizantes para jovens e adultos de ambos os sexos, oriundos de classes econ\u00f4micas profundamente carentes, a grande maioria vivendo em situa\u00e7\u00e3o de risco social.<\/p>\n<p>Em duas d\u00e9cadas, mais de 8.000 alunos obtiveram seu aprendizado b\u00e1sico em dezenas de diferentes atividades profissionais, como marcenaria, corte e costura, cabeleireiro, manicure, serigrafia, estofador, gar\u00e7om, inform\u00e1tica, culin\u00e1ria, operador de m\u00e1quinas, entre outros.<\/p>\n<p>Al\u00e9m de adquirir as habilidades fundamentais e o conhecimento necess\u00e1rio para ingressar no mercado de trabalho, eles conquistaram a motiva\u00e7\u00e3o, o est\u00edmulo e a auto-confian\u00e7a para superar as dificuldades da vida e ir em busca de seus sonhos, com f\u00e9 e esperan\u00e7a no futuro.<\/p>\n","protected":false},"excerpt":{"rendered":"<p>Tendo por mantenedoras diversas institui\u00e7\u00f5es filantr\u00f3picas, que se somam a contribui\u00e7\u00f5es de empresas e de in\u00fameros volunt\u00e1rios, a Funda\u00e7\u00e3o Consci\u00eancia e Trabalho, atrav\u00e9s de sua Escola de Cidadania, cumpre h\u00e1 20 anos seu objetivo primordial de promover cursos profissionalizantes para jovens e adultos de ambos os sexos, oriundos de classes econ\u00f4micas profundamente carentes, a grande &hellip; <a href=\"http:\/\/fconscienciaetrabalh.hospedagemdesites.ws\/wordpress\/cursos\/\" class=\"more-link\">Continue lendo<span class=\"screen-reader-text\"> &#8220;Cursos&#8221;<\/span><\/a><\/p>\n","protected":false},"author":1,"featured_media":0,"parent":0,"menu_order":0,"comment_status":"closed","ping_status":"closed","template":"","meta":[],"_links":{"self":[{"href":"http:\/\/fconscienciaetrabalh.hospedagemdesites.ws\/wordpress\/wp-json\/wp\/v2\/pages\/124"}],"collection":[{"href":"http:\/\/fconscienciaetrabalh.hospedagemdesites.ws\/wordpress\/wp-json\/wp\/v2\/pages"}],"about":[{"href":"http:\/\/fconscienciaetrabalh.hospedagemdesites.ws\/wordpress\/wp-json\/wp\/v2\/types\/page"}],"author":[{"embeddable":true,"href":"http:\/\/fconscienciaetrabalh.hospedagemdesites.ws\/wordpress\/wp-json\/wp\/v2\/users\/1"}],"replies":[{"embeddable":true,"href":"http:\/\/fconscienciaetrabalh.hospedagemdesites.ws\/wordpress\/wp-json\/wp\/v2\/comments?post=124"}],"version-history":[{"count":1,"href":"http:\/\/fconscienciaetrabalh.hospedagemdesites.ws\/wordpress\/wp-json\/wp\/v2\/pages\/124\/revisions"}],"predecessor-version":[{"id":127,"href":"http:\/\/fconscienciaetrabalh.hospedagemdesites.ws\/wordpress\/wp-json\/wp\/v2\/pages\/124\/revisions\/127"}],"wp:attachment":[{"href":"http:\/\/fconscienciaetrabalh.hospedagemdesites.ws\/wordpress\/wp-json\/wp\/v2\/media?parent=124"}],"curies":[{"name":"wp","href":"https:\/\/api.w.org\/{rel}","templated":true}]}}