{"id":78,"date":"2017-11-28T18:09:47","date_gmt":"2017-11-28T18:09:47","guid":{"rendered":"http:\/\/fconscienciaetrabalh.hospedagemdesites.ws\/wordpress\/?page_id=78"},"modified":"2017-11-30T16:16:02","modified_gmt":"2017-11-30T16:16:02","slug":"historia-da-fundacao","status":"publish","type":"page","link":"http:\/\/fconscienciaetrabalh.hospedagemdesites.ws\/wordpress\/historia-da-fundacao\/","title":{"rendered":"Institucional"},"content":{"rendered":"<p style=\"text-align: left;\">A Funda\u00e7\u00e3o Consci\u00eancia e Trabalho \u00e9 uma organiza\u00e7\u00e3o sem fins lucrativos e de utilidade p\u00fablica, ligada \u00e0 Loja Ma\u00e7onica Consci\u00eancia e Trabalho e demais Lojas e \u00e9 mantenedora da Escola Profissionalizante Gracinda Ferreira da Rocha.<\/p>\n<p style=\"text-align: left;\">Em 1994, inicia-se a constru\u00e7\u00e3o da escola profissionalizante. no final de 1995, come\u00e7am os estudos para a cria\u00e7\u00e3o da Funda\u00e7\u00e3o. Em 12 de julho de 1996, a j\u00e1 Funda\u00e7\u00e3o Consci\u00eancia e Trabalho recebe a certid\u00e3o de personalidade jur\u00eddica, conforme registro n. 2096. No final de 1996, formava suas primeiras turmas de costura industrial e auxiliar de cabeleireira com 42 alunas. pela Lei n. 2607\/1997 de 15\/07\/1997, a Funda\u00e7\u00e3o Consci\u00eancia e Trabalho \u00e9 reconhecida como entidade de utilidade p\u00fablica municipal; em 08\/06\/1999, de utilidade p\u00fablica estadual, pela lei n. 12.579 e, em 25\/09\/2012, como de utilidade p\u00fablica federal, pela Portaria 2265, do Departamento de Justi\u00e7a, Classifica\u00e7\u00e3o, T\u00edtulos e Qualifica\u00e7\u00e3o.<\/p>\n","protected":false},"excerpt":{"rendered":"<p>A Funda\u00e7\u00e3o Consci\u00eancia e Trabalho \u00e9 uma organiza\u00e7\u00e3o sem fins lucrativos e de utilidade p\u00fablica, ligada \u00e0 Loja Ma\u00e7onica Consci\u00eancia e Trabalho e demais Lojas e \u00e9 mantenedora da Escola Profissionalizante Gracinda Ferreira da Rocha. Em 1994, inicia-se a constru\u00e7\u00e3o da escola profissionalizante. no final de 1995, come\u00e7am os estudos para a cria\u00e7\u00e3o da Funda\u00e7\u00e3o. &hellip; <a href=\"http:\/\/fconscienciaetrabalh.hospedagemdesites.ws\/wordpress\/historia-da-fundacao\/\" class=\"more-link\">Continue lendo<span class=\"screen-reader-text\"> &#8220;Institucional&#8221;<\/span><\/a><\/p>\n","protected":false},"author":1,"featured_media":0,"parent":0,"menu_order":0,"comment_status":"closed","ping_status":"closed","template":"","meta":[],"_links":{"self":[{"href":"http:\/\/fconscienciaetrabalh.hospedagemdesites.ws\/wordpress\/wp-json\/wp\/v2\/pages\/78"}],"collection":[{"href":"http:\/\/fconscienciaetrabalh.hospedagemdesites.ws\/wordpress\/wp-json\/wp\/v2\/pages"}],"about":[{"href":"http:\/\/fconscienciaetrabalh.hospedagemdesites.ws\/wordpress\/wp-json\/wp\/v2\/types\/page"}],"author":[{"embeddable":true,"href":"http:\/\/fconscienciaetrabalh.hospedagemdesites.ws\/wordpress\/wp-json\/wp\/v2\/users\/1"}],"replies":[{"embeddable":true,"href":"http:\/\/fconscienciaetrabalh.hospedagemdesites.ws\/wordpress\/wp-json\/wp\/v2\/comments?post=78"}],"version-history":[{"count":5,"href":"http:\/\/fconscienciaetrabalh.hospedagemdesites.ws\/wordpress\/wp-json\/wp\/v2\/pages\/78\/revisions"}],"predecessor-version":[{"id":111,"href":"http:\/\/fconscienciaetrabalh.hospedagemdesites.ws\/wordpress\/wp-json\/wp\/v2\/pages\/78\/revisions\/111"}],"wp:attachment":[{"href":"http:\/\/fconscienciaetrabalh.hospedagemdesites.ws\/wordpress\/wp-json\/wp\/v2\/media?parent=78"}],"curies":[{"name":"wp","href":"https:\/\/api.w.org\/{rel}","templated":true}]}}